{"id":16845,"date":"2023-09-21T21:47:11","date_gmt":"2023-09-21T21:47:11","guid":{"rendered":"https:\/\/tnh.com.tr\/tnh-5-elements-villas-projesi\/"},"modified":"2023-10-05T16:41:19","modified_gmt":"2023-10-05T16:41:19","slug":"tnh-5-elements-villas-project","status":"publish","type":"page","link":"https:\/\/tnh.com.tr\/en\/tnh-5-elements-villas-project\/","title":{"rendered":"TNH 5 ELEMENTS Villas Project"},"content":{"rendered":"\t\t<div data-elementor-type=\"wp-page\" data-elementor-id=\"16845\" class=\"elementor elementor-16845 elementor-16380\">\n\t\t\t\t\t\t\t\t\t<section class=\"elementor-section elementor-top-section elementor-element elementor-element-9b2c55b elementor-section-stretched elementor-section-content-middle elementor-section-boxed elementor-section-height-default elementor-section-height-default exad-glass-effect-no exad-sticky-section-no\" data-id=\"9b2c55b\" data-element_type=\"section\" data-settings=\"{&quot;stretch_section&quot;:&quot;section-stretched&quot;,&quot;background_background&quot;:&quot;classic&quot;}\">\n\t\t\t\t\t\t\t<div class=\"elementor-background-overlay\"><\/div>\n\t\t\t\t\t\t\t<div class=\"elementor-container elementor-column-gap-default\">\n\t\t\t\t\t<div class=\"elementor-column elementor-col-50 elementor-top-column elementor-element elementor-element-5697d23 exad-glass-effect-no exad-sticky-section-no elementor-invisible\" data-id=\"5697d23\" data-element_type=\"column\" data-settings=\"{&quot;animation&quot;:&quot;fadeInLeft&quot;}\">\n\t\t\t<div class=\"elementor-widget-wrap elementor-element-populated\">\n\t\t\t\t\t\t\t\t<div class=\"elementor-element elementor-element-4ad66f0 exad-sticky-section-no exad-glass-effect-no elementor-invisible elementor-widget elementor-widget-image\" data-id=\"4ad66f0\" data-element_type=\"widget\" data-settings=\"{&quot;_animation&quot;:&quot;fadeInRight&quot;}\" data-widget_type=\"image.default\">\n\t\t\t\t<div class=\"elementor-widget-container\">\n\t\t\t<style>\/*! elementor - v3.15.0 - 20-08-2023 *\/\n.elementor-widget-image{text-align:center}.elementor-widget-image a{display:inline-block}.elementor-widget-image a img[src$=\".svg\"]{width:48px}.elementor-widget-image img{vertical-align:middle;display:inline-block}<\/style>\t\t\t\t\t\t\t\t\t\t\t\t<img decoding=\"async\" loading=\"lazy\" width=\"681\" height=\"764\" src=\"https:\/\/tnh.com.tr\/wp-content\/uploads\/2023\/09\/17.jpg\" class=\"attachment-full size-full wp-image-16382\" alt=\"\" srcset=\"https:\/\/tnh.com.tr\/wp-content\/uploads\/2023\/09\/17.jpg 681w, https:\/\/tnh.com.tr\/wp-content\/uploads\/2023\/09\/17-267x300.jpg 267w, https:\/\/tnh.com.tr\/wp-content\/uploads\/2023\/09\/17-600x673.jpg 600w\" sizes=\"(max-width: 681px) 100vw, 681px\" \/>\t\t\t\t\t\t\t\t\t\t\t\t\t\t\t<\/div>\n\t\t\t\t<\/div>\n\t\t\t\t\t<\/div>\n\t\t<\/div>\n\t\t\t\t<div class=\"elementor-column elementor-col-50 elementor-top-column elementor-element elementor-element-28b7026 exad-glass-effect-no exad-sticky-section-no elementor-invisible\" data-id=\"28b7026\" data-element_type=\"column\" data-settings=\"{&quot;animation&quot;:&quot;fadeInRight&quot;}\">\n\t\t\t<div class=\"elementor-widget-wrap elementor-element-populated\">\n\t\t\t\t\t\t\t\t<div class=\"elementor-element elementor-element-4eff945 exad-sticky-section-no exad-glass-effect-no elementor-widget elementor-widget-heading\" data-id=\"4eff945\" data-element_type=\"widget\" data-widget_type=\"heading.default\">\n\t\t\t\t<div class=\"elementor-widget-container\">\n\t\t\t<style>\/*! elementor - v3.15.0 - 20-08-2023 *\/\n.elementor-heading-title{padding:0;margin:0;line-height:1}.elementor-widget-heading .elementor-heading-title[class*=elementor-size-]>a{color:inherit;font-size:inherit;line-height:inherit}.elementor-widget-heading .elementor-heading-title.elementor-size-small{font-size:15px}.elementor-widget-heading .elementor-heading-title.elementor-size-medium{font-size:19px}.elementor-widget-heading .elementor-heading-title.elementor-size-large{font-size:29px}.elementor-widget-heading .elementor-heading-title.elementor-size-xl{font-size:39px}.elementor-widget-heading .elementor-heading-title.elementor-size-xxl{font-size:59px}<\/style><h2 class=\"elementor-heading-title elementor-size-default\">TNH 5 ELEMENTS Villas Projesi (Ye\u015fil\u00f6z)<\/h2>\t\t<\/div>\n\t\t\t\t<\/div>\n\t\t\t\t<div class=\"elementor-element elementor-element-f3a9ef2 elementor-widget__width-initial exad-sticky-section-no exad-glass-effect-no elementor-widget elementor-widget-text-editor\" data-id=\"f3a9ef2\" data-element_type=\"widget\" data-widget_type=\"text-editor.default\">\n\t\t\t\t<div class=\"elementor-widget-container\">\n\t\t\t<style>\/*! elementor - v3.15.0 - 20-08-2023 *\/\n.elementor-widget-text-editor.elementor-drop-cap-view-stacked .elementor-drop-cap{background-color:#69727d;color:#fff}.elementor-widget-text-editor.elementor-drop-cap-view-framed .elementor-drop-cap{color:#69727d;border:3px solid;background-color:transparent}.elementor-widget-text-editor:not(.elementor-drop-cap-view-default) .elementor-drop-cap{margin-top:8px}.elementor-widget-text-editor:not(.elementor-drop-cap-view-default) .elementor-drop-cap-letter{width:1em;height:1em}.elementor-widget-text-editor .elementor-drop-cap{float:left;text-align:center;line-height:1;font-size:50px}.elementor-widget-text-editor .elementor-drop-cap-letter{display:inline-block}<\/style>\t\t\t\t<p>TNH Villas villa projemiz Ye\u015fil\u00f6z de 5 villa dan olu\u015fan, her villa i\u00e7in \u00f6zel havuz bulunan, do\u011fan\u0131n i\u00e7inde konforlu estetik ya\u015fam alanlar\u0131ndan olu\u015fmaktad\u0131r.<\/p><p>Konfor ve \u015f\u0131k konumuyla birlikte size huzurlu bir ya\u015fam imkan\u0131 sunmaktad\u0131r.<\/p><p><em>\u2014 TNH Group Projesidir.<\/em>..<\/p>\t\t\t\t\t\t<\/div>\n\t\t\t\t<\/div>\n\t\t\t\t\t<\/div>\n\t\t<\/div>\n\t\t\t\t\t\t\t<\/div>\n\t\t<\/section>\n\t\t\t\t\t\t\t<\/div>\n\t\t","protected":false},"excerpt":{"rendered":"<p>TNH 5 ELEMENTS Villas Projesi (Ye\u015fil\u00f6z) TNH Villas villa projemiz Ye\u015fil\u00f6z de 5 villa dan olu\u015fan, her villa i\u00e7in \u00f6zel havuz bulunan, do\u011fan\u0131n i\u00e7inde konforlu estetik ya\u015fam alanlar\u0131ndan olu\u015fmaktad\u0131r. Konfor ve \u015f\u0131k konumuyla birlikte size huzurlu bir ya\u015fam imkan\u0131 sunmaktad\u0131r. \u2014 TNH Group Projesidir&#8230;<\/p>\n","protected":false},"author":1,"featured_media":0,"parent":0,"menu_order":0,"comment_status":"closed","ping_status":"closed","template":"elementor_header_footer","meta":{"footnotes":""},"_links":{"self":[{"href":"https:\/\/tnh.com.tr\/en\/wp-json\/wp\/v2\/pages\/16845"}],"collection":[{"href":"https:\/\/tnh.com.tr\/en\/wp-json\/wp\/v2\/pages"}],"about":[{"href":"https:\/\/tnh.com.tr\/en\/wp-json\/wp\/v2\/types\/page"}],"author":[{"embeddable":true,"href":"https:\/\/tnh.com.tr\/en\/wp-json\/wp\/v2\/users\/1"}],"replies":[{"embeddable":true,"href":"https:\/\/tnh.com.tr\/en\/wp-json\/wp\/v2\/comments?post=16845"}],"version-history":[{"count":3,"href":"https:\/\/tnh.com.tr\/en\/wp-json\/wp\/v2\/pages\/16845\/revisions"}],"predecessor-version":[{"id":16955,"href":"https:\/\/tnh.com.tr\/en\/wp-json\/wp\/v2\/pages\/16845\/revisions\/16955"}],"wp:attachment":[{"href":"https:\/\/tnh.com.tr\/en\/wp-json\/wp\/v2\/media?parent=16845"}],"curies":[{"name":"wp","href":"https:\/\/api.w.org\/{rel}","templated":true}]}}