{"id":16846,"date":"2023-09-21T21:44:15","date_gmt":"2023-09-21T21:44:15","guid":{"rendered":"https:\/\/tnh.com.tr\/tnh-apart-ii-projesi\/"},"modified":"2023-10-05T17:38:20","modified_gmt":"2023-10-05T17:38:20","slug":"tnh-apart-ii-project-oba","status":"publish","type":"page","link":"https:\/\/tnh.com.tr\/en\/tnh-apart-ii-project-oba\/","title":{"rendered":"TNH Apart II Project (Oba)"},"content":{"rendered":"\t\t<div data-elementor-type=\"wp-page\" data-elementor-id=\"16846\" class=\"elementor elementor-16846 elementor-16371\">\n\t\t\t\t\t\t\t\t\t<section class=\"elementor-section elementor-top-section elementor-element elementor-element-937bf82 elementor-section-stretched elementor-section-content-middle elementor-section-boxed elementor-section-height-default elementor-section-height-default exad-glass-effect-no exad-sticky-section-no\" data-id=\"937bf82\" data-element_type=\"section\" data-settings=\"{&quot;stretch_section&quot;:&quot;section-stretched&quot;,&quot;background_background&quot;:&quot;classic&quot;}\">\n\t\t\t\t\t\t\t<div class=\"elementor-background-overlay\"><\/div>\n\t\t\t\t\t\t\t<div class=\"elementor-container elementor-column-gap-default\">\n\t\t\t\t\t<div class=\"elementor-column elementor-col-50 elementor-top-column elementor-element elementor-element-bd26ad2 exad-glass-effect-no exad-sticky-section-no elementor-invisible\" data-id=\"bd26ad2\" data-element_type=\"column\" data-settings=\"{&quot;animation&quot;:&quot;fadeInLeft&quot;}\">\n\t\t\t<div class=\"elementor-widget-wrap elementor-element-populated\">\n\t\t\t\t\t\t\t\t<div class=\"elementor-element elementor-element-91072f7 exad-sticky-section-no exad-glass-effect-no elementor-invisible elementor-widget elementor-widget-image\" data-id=\"91072f7\" data-element_type=\"widget\" data-settings=\"{&quot;_animation&quot;:&quot;fadeInRight&quot;}\" data-widget_type=\"image.default\">\n\t\t\t\t<div class=\"elementor-widget-container\">\n\t\t\t<style>\/*! elementor - v3.15.0 - 20-08-2023 *\/\n.elementor-widget-image{text-align:center}.elementor-widget-image a{display:inline-block}.elementor-widget-image a img[src$=\".svg\"]{width:48px}.elementor-widget-image img{vertical-align:middle;display:inline-block}<\/style>\t\t\t\t\t\t\t\t\t\t\t\t<img decoding=\"async\" loading=\"lazy\" width=\"681\" height=\"764\" src=\"https:\/\/tnh.com.tr\/wp-content\/uploads\/2023\/09\/13-1.jpg\" class=\"attachment-full size-full wp-image-16373\" alt=\"\" srcset=\"https:\/\/tnh.com.tr\/wp-content\/uploads\/2023\/09\/13-1.jpg 681w, https:\/\/tnh.com.tr\/wp-content\/uploads\/2023\/09\/13-1-267x300.jpg 267w, https:\/\/tnh.com.tr\/wp-content\/uploads\/2023\/09\/13-1-600x673.jpg 600w\" sizes=\"(max-width: 681px) 100vw, 681px\" \/>\t\t\t\t\t\t\t\t\t\t\t\t\t\t\t<\/div>\n\t\t\t\t<\/div>\n\t\t\t\t\t<\/div>\n\t\t<\/div>\n\t\t\t\t<div class=\"elementor-column elementor-col-50 elementor-top-column elementor-element elementor-element-249dd01 exad-glass-effect-no exad-sticky-section-no elementor-invisible\" data-id=\"249dd01\" data-element_type=\"column\" data-settings=\"{&quot;animation&quot;:&quot;fadeInRight&quot;}\">\n\t\t\t<div class=\"elementor-widget-wrap elementor-element-populated\">\n\t\t\t\t\t\t\t\t<div class=\"elementor-element elementor-element-937e1c4 exad-sticky-section-no exad-glass-effect-no elementor-widget elementor-widget-heading\" data-id=\"937e1c4\" data-element_type=\"widget\" data-widget_type=\"heading.default\">\n\t\t\t\t<div class=\"elementor-widget-container\">\n\t\t\t<style>\/*! elementor - v3.15.0 - 20-08-2023 *\/\n.elementor-heading-title{padding:0;margin:0;line-height:1}.elementor-widget-heading .elementor-heading-title[class*=elementor-size-]>a{color:inherit;font-size:inherit;line-height:inherit}.elementor-widget-heading .elementor-heading-title.elementor-size-small{font-size:15px}.elementor-widget-heading .elementor-heading-title.elementor-size-medium{font-size:19px}.elementor-widget-heading .elementor-heading-title.elementor-size-large{font-size:29px}.elementor-widget-heading .elementor-heading-title.elementor-size-xl{font-size:39px}.elementor-widget-heading .elementor-heading-title.elementor-size-xxl{font-size:59px}<\/style><h2 class=\"elementor-heading-title elementor-size-default\">TNH Apart II Project (OBA)\n<\/h2>\t\t<\/div>\n\t\t\t\t<\/div>\n\t\t\t\t<div class=\"elementor-element elementor-element-4dcfcbf elementor-widget__width-initial exad-sticky-section-no exad-glass-effect-no elementor-widget elementor-widget-text-editor\" data-id=\"4dcfcbf\" data-element_type=\"widget\" data-widget_type=\"text-editor.default\">\n\t\t\t\t<div class=\"elementor-widget-container\">\n\t\t\t<style>\/*! elementor - v3.15.0 - 20-08-2023 *\/\n.elementor-widget-text-editor.elementor-drop-cap-view-stacked .elementor-drop-cap{background-color:#69727d;color:#fff}.elementor-widget-text-editor.elementor-drop-cap-view-framed .elementor-drop-cap{color:#69727d;border:3px solid;background-color:transparent}.elementor-widget-text-editor:not(.elementor-drop-cap-view-default) .elementor-drop-cap{margin-top:8px}.elementor-widget-text-editor:not(.elementor-drop-cap-view-default) .elementor-drop-cap-letter{width:1em;height:1em}.elementor-widget-text-editor .elementor-drop-cap{float:left;text-align:center;line-height:1;font-size:50px}.elementor-widget-text-editor .elementor-drop-cap-letter{display:inline-block}<\/style>\t\t\t\t<p>Our TNH Apart II housing project in Oba consists of 16 flats, a pool, a camellia barbecue area and comfortable aesthetic living spaces.<\/p><p>It offers you a peaceful life with its comfort and stylish location.<\/p><p>\u2014 It is a TNH Group Project&#8230;<\/p>\t\t\t\t\t\t<\/div>\n\t\t\t\t<\/div>\n\t\t\t\t\t<\/div>\n\t\t<\/div>\n\t\t\t\t\t\t\t<\/div>\n\t\t<\/section>\n\t\t\t\t\t\t\t<\/div>\n\t\t","protected":false},"excerpt":{"rendered":"<p>TNH Apart II Projesi (OBA) TNH Apart II konut projemiz Oba da 16 daireden olu\u015fan, havuz, kamelya barbeku alan\u0131 ile konforlu estetik ya\u015fam alanlar\u0131ndan olu\u015fmaktad\u0131r. Konfor ve \u015f\u0131k konumuyla birlikte size huzurlu bir ya\u015fam imkan\u0131 sunmaktad\u0131r. \u2014 TNH Group Projesidir&#8230;<\/p>\n","protected":false},"author":1,"featured_media":0,"parent":0,"menu_order":0,"comment_status":"closed","ping_status":"closed","template":"elementor_header_footer","meta":{"footnotes":""},"_links":{"self":[{"href":"https:\/\/tnh.com.tr\/en\/wp-json\/wp\/v2\/pages\/16846"}],"collection":[{"href":"https:\/\/tnh.com.tr\/en\/wp-json\/wp\/v2\/pages"}],"about":[{"href":"https:\/\/tnh.com.tr\/en\/wp-json\/wp\/v2\/types\/page"}],"author":[{"embeddable":true,"href":"https:\/\/tnh.com.tr\/en\/wp-json\/wp\/v2\/users\/1"}],"replies":[{"embeddable":true,"href":"https:\/\/tnh.com.tr\/en\/wp-json\/wp\/v2\/comments?post=16846"}],"version-history":[{"count":6,"href":"https:\/\/tnh.com.tr\/en\/wp-json\/wp\/v2\/pages\/16846\/revisions"}],"predecessor-version":[{"id":17039,"href":"https:\/\/tnh.com.tr\/en\/wp-json\/wp\/v2\/pages\/16846\/revisions\/17039"}],"wp:attachment":[{"href":"https:\/\/tnh.com.tr\/en\/wp-json\/wp\/v2\/media?parent=16846"}],"curies":[{"name":"wp","href":"https:\/\/api.w.org\/{rel}","templated":true}]}}