{"id":16847,"date":"2023-09-21T21:41:23","date_gmt":"2023-09-21T21:41:23","guid":{"rendered":"https:\/\/tnh.com.tr\/tnh-apart-i-projesi\/"},"modified":"2023-10-05T17:35:45","modified_gmt":"2023-10-05T17:35:45","slug":"tnh-apart-i-project-cikcilli","status":"publish","type":"page","link":"https:\/\/tnh.com.tr\/en\/tnh-apart-i-project-cikcilli\/","title":{"rendered":"TNH Apart I Project (Cikcilli)"},"content":{"rendered":"\t\t<div data-elementor-type=\"wp-page\" data-elementor-id=\"16847\" class=\"elementor elementor-16847 elementor-16362\">\n\t\t\t\t\t\t\t\t\t<section class=\"elementor-section elementor-top-section elementor-element elementor-element-399b123 elementor-section-stretched elementor-section-content-middle elementor-section-boxed elementor-section-height-default elementor-section-height-default exad-glass-effect-no exad-sticky-section-no\" data-id=\"399b123\" data-element_type=\"section\" data-settings=\"{&quot;stretch_section&quot;:&quot;section-stretched&quot;,&quot;background_background&quot;:&quot;classic&quot;}\">\n\t\t\t\t\t\t\t<div class=\"elementor-background-overlay\"><\/div>\n\t\t\t\t\t\t\t<div class=\"elementor-container elementor-column-gap-default\">\n\t\t\t\t\t<div class=\"elementor-column elementor-col-50 elementor-top-column elementor-element elementor-element-454ef82 exad-glass-effect-no exad-sticky-section-no elementor-invisible\" data-id=\"454ef82\" data-element_type=\"column\" data-settings=\"{&quot;animation&quot;:&quot;fadeInLeft&quot;}\">\n\t\t\t<div class=\"elementor-widget-wrap elementor-element-populated\">\n\t\t\t\t\t\t\t\t<div class=\"elementor-element elementor-element-f95beb0 exad-sticky-section-no exad-glass-effect-no elementor-invisible elementor-widget elementor-widget-image\" data-id=\"f95beb0\" data-element_type=\"widget\" data-settings=\"{&quot;_animation&quot;:&quot;fadeInRight&quot;}\" data-widget_type=\"image.default\">\n\t\t\t\t<div class=\"elementor-widget-container\">\n\t\t\t<style>\/*! elementor - v3.15.0 - 20-08-2023 *\/\n.elementor-widget-image{text-align:center}.elementor-widget-image a{display:inline-block}.elementor-widget-image a img[src$=\".svg\"]{width:48px}.elementor-widget-image img{vertical-align:middle;display:inline-block}<\/style>\t\t\t\t\t\t\t\t\t\t\t\t<img decoding=\"async\" loading=\"lazy\" width=\"1024\" height=\"844\" src=\"https:\/\/tnh.com.tr\/wp-content\/uploads\/2023\/09\/1-1024x844-1.jpg\" class=\"attachment-full size-full wp-image-16367\" alt=\"\" srcset=\"https:\/\/tnh.com.tr\/wp-content\/uploads\/2023\/09\/1-1024x844-1.jpg 1024w, https:\/\/tnh.com.tr\/wp-content\/uploads\/2023\/09\/1-1024x844-1-300x247.jpg 300w, https:\/\/tnh.com.tr\/wp-content\/uploads\/2023\/09\/1-1024x844-1-768x633.jpg 768w, https:\/\/tnh.com.tr\/wp-content\/uploads\/2023\/09\/1-1024x844-1-600x495.jpg 600w\" sizes=\"(max-width: 1024px) 100vw, 1024px\" \/>\t\t\t\t\t\t\t\t\t\t\t\t\t\t\t<\/div>\n\t\t\t\t<\/div>\n\t\t\t\t\t<\/div>\n\t\t<\/div>\n\t\t\t\t<div class=\"elementor-column elementor-col-50 elementor-top-column elementor-element elementor-element-ebc09ea exad-glass-effect-no exad-sticky-section-no elementor-invisible\" data-id=\"ebc09ea\" data-element_type=\"column\" data-settings=\"{&quot;animation&quot;:&quot;fadeInRight&quot;}\">\n\t\t\t<div class=\"elementor-widget-wrap elementor-element-populated\">\n\t\t\t\t\t\t\t\t<div class=\"elementor-element elementor-element-8077b72 exad-sticky-section-no exad-glass-effect-no elementor-widget elementor-widget-heading\" data-id=\"8077b72\" data-element_type=\"widget\" data-widget_type=\"heading.default\">\n\t\t\t\t<div class=\"elementor-widget-container\">\n\t\t\t<style>\/*! elementor - v3.15.0 - 20-08-2023 *\/\n.elementor-heading-title{padding:0;margin:0;line-height:1}.elementor-widget-heading .elementor-heading-title[class*=elementor-size-]>a{color:inherit;font-size:inherit;line-height:inherit}.elementor-widget-heading .elementor-heading-title.elementor-size-small{font-size:15px}.elementor-widget-heading .elementor-heading-title.elementor-size-medium{font-size:19px}.elementor-widget-heading .elementor-heading-title.elementor-size-large{font-size:29px}.elementor-widget-heading .elementor-heading-title.elementor-size-xl{font-size:39px}.elementor-widget-heading .elementor-heading-title.elementor-size-xxl{font-size:59px}<\/style><h2 class=\"elementor-heading-title elementor-size-default\">TNH Apart I Project (C\u0130KC\u0130LL\u0130)\n<\/h2>\t\t<\/div>\n\t\t\t\t<\/div>\n\t\t\t\t<div class=\"elementor-element elementor-element-3e31eea elementor-widget__width-initial exad-sticky-section-no exad-glass-effect-no elementor-widget elementor-widget-text-editor\" data-id=\"3e31eea\" data-element_type=\"widget\" data-widget_type=\"text-editor.default\">\n\t\t\t\t<div class=\"elementor-widget-container\">\n\t\t\t<style>\/*! elementor - v3.15.0 - 20-08-2023 *\/\n.elementor-widget-text-editor.elementor-drop-cap-view-stacked .elementor-drop-cap{background-color:#69727d;color:#fff}.elementor-widget-text-editor.elementor-drop-cap-view-framed .elementor-drop-cap{color:#69727d;border:3px solid;background-color:transparent}.elementor-widget-text-editor:not(.elementor-drop-cap-view-default) .elementor-drop-cap{margin-top:8px}.elementor-widget-text-editor:not(.elementor-drop-cap-view-default) .elementor-drop-cap-letter{width:1em;height:1em}.elementor-widget-text-editor .elementor-drop-cap{float:left;text-align:center;line-height:1;font-size:50px}.elementor-widget-text-editor .elementor-drop-cap-letter{display:inline-block}<\/style>\t\t\t\t<p>Our TNH Apart I housing project consists of 1+1, 2+1 and duplex flats, comfortable aesthetic living spaces in a very accessible city. It offers you a comfortable and peaceful life with its easy-to-access location.<\/p><p>\u2014 It is a TNH Group Project&#8230;<\/p>\t\t\t\t\t\t<\/div>\n\t\t\t\t<\/div>\n\t\t\t\t\t<\/div>\n\t\t<\/div>\n\t\t\t\t\t\t\t<\/div>\n\t\t<\/section>\n\t\t\t\t\t\t\t<\/div>\n\t\t","protected":false},"excerpt":{"rendered":"<p>TNH Apart I Projesi (C\u0130KC\u0130LL\u0130) TNH Apart I konut projemiz 1+1, 2+1 ve dublex dairelerden olu\u015fan ula\u015f\u0131m\u0131 \u00e7ok kolay \u015fehir i\u00e7erisinde konforlu estetik ya\u015fam alanlar\u0131ndan olu\u015fmaktad\u0131r. Ula\u015f\u0131m\u0131 kolay konumuyla birlikte size konforlu huzurlu bir ya\u015fam imkan\u0131 sunmaktad\u0131r. \u2014 TNH Group Projesidir&#8230;<\/p>\n","protected":false},"author":1,"featured_media":0,"parent":0,"menu_order":0,"comment_status":"closed","ping_status":"closed","template":"elementor_header_footer","meta":{"footnotes":""},"_links":{"self":[{"href":"https:\/\/tnh.com.tr\/en\/wp-json\/wp\/v2\/pages\/16847"}],"collection":[{"href":"https:\/\/tnh.com.tr\/en\/wp-json\/wp\/v2\/pages"}],"about":[{"href":"https:\/\/tnh.com.tr\/en\/wp-json\/wp\/v2\/types\/page"}],"author":[{"embeddable":true,"href":"https:\/\/tnh.com.tr\/en\/wp-json\/wp\/v2\/users\/1"}],"replies":[{"embeddable":true,"href":"https:\/\/tnh.com.tr\/en\/wp-json\/wp\/v2\/comments?post=16847"}],"version-history":[{"count":7,"href":"https:\/\/tnh.com.tr\/en\/wp-json\/wp\/v2\/pages\/16847\/revisions"}],"predecessor-version":[{"id":17035,"href":"https:\/\/tnh.com.tr\/en\/wp-json\/wp\/v2\/pages\/16847\/revisions\/17035"}],"wp:attachment":[{"href":"https:\/\/tnh.com.tr\/en\/wp-json\/wp\/v2\/media?parent=16847"}],"curies":[{"name":"wp","href":"https:\/\/api.w.org\/{rel}","templated":true}]}}